{"id":137,"date":"2021-05-12T11:37:28","date_gmt":"2021-05-12T14:37:28","guid":{"rendered":"http:\/\/muthacao.com.br\/?page_id=137"},"modified":"2022-09-26T00:08:59","modified_gmt":"2022-09-26T03:08:59","slug":"servicos","status":"publish","type":"page","link":"https:\/\/muthacao.com.br\/index.php\/servicos\/","title":{"rendered":"Servi\u00e7os"},"content":{"rendered":"\n<div class=\"wp-block-cover has-parallax\" style=\"background-image:url(https:\/\/muthacao.com.br\/wp-content\/uploads\/2022\/05\/stockvault-connectivity-idea-with-lightbulb174254-1-scaled.jpg);min-height:385px;aspect-ratio:unset;\"><span aria-hidden=\"true\" class=\"wp-block-cover__background has-ast-global-color-2-background-color has-background-dim-90 has-background-dim\"><\/span><div class=\"wp-block-cover__inner-container is-layout-flow wp-block-cover-is-layout-flow\">\n<h1 class=\"has-white-color has-text-color wp-block-heading\"><\/h1>\n<\/div><\/div>\n\n\n\n<div class=\"wp-block-group alignfull has-ast-global-color-0-background-color has-background\"><div class=\"wp-block-group__inner-container is-layout-constrained wp-block-group-is-layout-constrained\">\n<h2 class=\"has-text-align-left has-white-color has-text-color wp-block-heading\">Como podemos ajud\u00e1-lo?<\/h2>\n\n\n\n<hr class=\"wp-block-separator has-alpha-channel-opacity\"\/>\n\n\n\n<div class=\"wp-block-columns is-layout-flex wp-container-core-columns-is-layout-9d6595d7 wp-block-columns-is-layout-flex\">\n<div class=\"wp-block-column is-vertically-aligned-center is-layout-flow wp-block-column-is-layout-flow\">\n<p><\/p>\n\n\n\n<p><\/p>\n\n\n\n<h4 class=\"has-text-align-center wp-block-heading\">Design Criativo<\/h4>\n\n\n\n<p class=\"has-text-align-center\">Nossa equipe de designers gr\u00e1ficos e web profissionais, ir\u00e1 ajud\u00e1-lo com designs \u00fanicos e criativos de logomarca e site, que ir\u00e3o combinar com o seu neg\u00f3cio.<\/p>\n\n\n\n<div style=\"height:100px\" aria-hidden=\"true\" class=\"wp-block-spacer\"><\/div>\n\n\n\n<div class=\"wp-block-buttons is-layout-flex wp-block-buttons-is-layout-flex\">\n<div class=\"wp-block-button is-style-fill\"><a class=\"wp-block-button__link\" href=\"https:\/\/muthacao.com.br\/index.php\/produtos\">Saiba Mais<\/a><\/div>\n<\/div>\n<\/div>\n\n\n\n<div class=\"wp-block-column is-vertically-aligned-center is-layout-flow wp-block-column-is-layout-flow\">\n<p><\/p>\n\n\n\n<h4 class=\"has-text-align-center wp-block-heading\">Pesquisa &amp; Desenvolvimento<\/h4>\n\n\n\n<p class=\"has-text-align-center\">Ajudamos voc\u00ea a desenvolver o site certo, com uma boa interface de usu\u00e1rio, constru\u00edda ap\u00f3s muita pesquisa no setor, para ajud\u00e1-lo a tirar melhor proveito dele.<\/p>\n\n\n\n<div style=\"height:100px\" aria-hidden=\"true\" class=\"wp-block-spacer\"><\/div>\n\n\n\n<div class=\"wp-block-buttons is-layout-flex wp-block-buttons-is-layout-flex\"><\/div>\n<\/div>\n\n\n\n<div class=\"wp-block-column is-vertically-aligned-center is-layout-flow wp-block-column-is-layout-flow\">\n<p><\/p>\n\n\n\n<h4 class=\"has-text-align-center wp-block-heading\">Marca &amp; Marketing<\/h4>\n\n\n\n<p>Precisa de ajuda com Branding e Marketing para alcan\u00e7ar um p\u00fablico maior? Podemos ajud\u00e1-lo a criar uma presen\u00e7a de marca e de marketing<\/p>\n\n\n\n<div style=\"height:100px\" aria-hidden=\"true\" class=\"wp-block-spacer\"><\/div>\n\n\n\n<div class=\"wp-block-buttons is-layout-flex wp-block-buttons-is-layout-flex\"><\/div>\n<\/div>\n<\/div>\n<\/div><\/div>\n\n\n\n<hr class=\"wp-block-separator has-alpha-channel-opacity\"\/>\n\n\n\n<div class=\"wp-block-group alignfull has-ast-global-color-2-background-color has-background\"><div class=\"wp-block-group__inner-container is-layout-constrained wp-block-group-is-layout-constrained\"><\/div><\/div>\n","protected":false},"excerpt":{"rendered":"<p>Como podemos ajud\u00e1-lo? Design Criativo Nossa equipe de designers gr\u00e1ficos e web profissionais, ir\u00e1 ajud\u00e1-lo com designs \u00fanicos e criativos de logomarca e site, que ir\u00e3o combinar com o seu neg\u00f3cio. Pesquisa &amp; Desenvolvimento Ajudamos voc\u00ea a desenvolver o site certo, com uma boa interface de usu\u00e1rio, constru\u00edda ap\u00f3s muita pesquisa no setor, para ajud\u00e1-lo &#8230; <a title=\"Servi\u00e7os\" class=\"read-more\" href=\"https:\/\/muthacao.com.br\/index.php\/servicos\/\" aria-label=\"More on Servi\u00e7os\">Ler mais<\/a><\/p>\n","protected":false},"author":1,"featured_media":0,"parent":0,"menu_order":0,"comment_status":"closed","ping_status":"closed","template":"","meta":{"footnotes":""},"class_list":["post-137","page","type-page","status-publish"],"_links":{"self":[{"href":"https:\/\/muthacao.com.br\/index.php\/wp-json\/wp\/v2\/pages\/137","targetHints":{"allow":["GET"]}}],"collection":[{"href":"https:\/\/muthacao.com.br\/index.php\/wp-json\/wp\/v2\/pages"}],"about":[{"href":"https:\/\/muthacao.com.br\/index.php\/wp-json\/wp\/v2\/types\/page"}],"author":[{"embeddable":true,"href":"https:\/\/muthacao.com.br\/index.php\/wp-json\/wp\/v2\/users\/1"}],"replies":[{"embeddable":true,"href":"https:\/\/muthacao.com.br\/index.php\/wp-json\/wp\/v2\/comments?post=137"}],"version-history":[{"count":13,"href":"https:\/\/muthacao.com.br\/index.php\/wp-json\/wp\/v2\/pages\/137\/revisions"}],"predecessor-version":[{"id":706,"href":"https:\/\/muthacao.com.br\/index.php\/wp-json\/wp\/v2\/pages\/137\/revisions\/706"}],"wp:attachment":[{"href":"https:\/\/muthacao.com.br\/index.php\/wp-json\/wp\/v2\/media?parent=137"}],"curies":[{"name":"wp","href":"https:\/\/api.w.org\/{rel}","templated":true}]}}