{"id":431,"date":"2021-05-12T11:36:55","date_gmt":"2021-05-12T11:36:55","guid":{"rendered":"http:\/\/muthacao.com.br\/?page_id=431"},"modified":"2022-09-26T12:15:21","modified_gmt":"2022-09-26T15:15:21","slug":"home-2","status":"publish","type":"page","link":"https:\/\/muthacao.com.br\/","title":{"rendered":"Home"},"content":{"rendered":"\n<div class=\"wp-block-cover alignfull has-parallax\" style=\"background-image:url(https:\/\/muthacao.com.br\/wp-content\/uploads\/2022\/05\/9cb4db97-45b2-469b-b435-ed97f29571dc-scaled.jpg);min-height:100vh;aspect-ratio:unset;\"><span aria-hidden=\"true\" class=\"wp-block-cover__background has-ast-global-color-2-background-color has-background-dim-90 has-background-dim\"><\/span><div class=\"wp-block-cover__inner-container is-layout-flow wp-block-cover-is-layout-flow\">\n<h1 class=\"has-text-align-right has-text-color wp-block-heading\" style=\"color:#3abf8a\"><strong>Onde a boa imagem \u00e9 sin\u00f4nimo de sucesso<\/strong><\/h1>\n\n\n\n<p class=\"has-text-align-right has-medium-font-size\">Se voc\u00ea procura uma ag\u00eancia que o ajude a criar uma presen\u00e7a online not\u00e1vel, voc\u00ea est\u00e1 no lugar certo!!!<br>Podemos ajud\u00e1-lo a levar o seu neg\u00f3cio para o pr\u00f3ximo n\u00edvel.<\/p>\n\n\n\n<div class=\"wp-block-buttons is-horizontal is-content-justification-left is-layout-flex wp-container-core-buttons-is-layout-7e5fce0a wp-block-buttons-is-layout-flex\"><\/div>\n<\/div><\/div>\n\n\n\n<div class=\"wp-block-group alignfull has-ast-global-color-5-background-color has-background\"><div class=\"wp-block-group__inner-container is-layout-flow wp-block-group-is-layout-flow\">\n<h2 class=\"has-text-color wp-block-heading\" style=\"color:#3abf8a\">Contrate-nos para&#8230;<\/h2>\n\n\n\n<div class=\"wp-block-columns is-layout-flex wp-container-core-columns-is-layout-9d6595d7 wp-block-columns-is-layout-flex\">\n<div class=\"wp-block-column is-layout-flow wp-block-column-is-layout-flow\">\n<h4 class=\"has-text-align-center wp-block-heading\"><strong>DESIGN<\/strong><\/h4>\n\n\n\n<p class=\"has-contrast-2-color has-text-color\">Nossa equipe de Web Design tem anos de experi\u00eancia nas principais \u00e1reas de design para construir um site que voc\u00ea precisa e deseja.<\/p>\n<\/div>\n\n\n\n<div class=\"wp-block-column is-layout-flow wp-block-column-is-layout-flow\">\n<h4 class=\"has-text-align-center wp-block-heading\"><strong>DESENVOLVIMENTO<\/strong><\/h4>\n\n\n\n<p class=\"has-contrast-2-color has-text-color\">Procurando solu\u00e7\u00f5es personalizadas para seu(s) site(s)? Nossa equipe desenvolver\u00e1 e entregar\u00e1 um site alinhado ao seu prop\u00f3sito.<\/p>\n<\/div>\n\n\n\n<div class=\"wp-block-column is-vertically-aligned-center is-layout-flow wp-block-column-is-layout-flow\">\n<h4 class=\"has-text-align-center wp-block-heading\"><strong>MARKETING<\/strong><\/h4>\n\n\n\n<p class=\"has-contrast-2-color has-text-color\">Com o Marketing Digital adequado, garantiremos que novos e mais clientes consigam encontrar o seu neg\u00f3cio na internet.<\/p>\n<\/div>\n<\/div>\n<\/div><\/div>\n\n\n\n<div class=\"wp-block-group\"><div class=\"wp-block-group__inner-container is-layout-flow wp-block-group-is-layout-flow\">\n<hr class=\"wp-block-separator has-alpha-channel-opacity\"\/>\n<\/div><\/div>\n\n\n\n<div class=\"wp-block-group alignfull has-ast-global-color-0-background-color has-background\"><div class=\"wp-block-group__inner-container is-layout-flow wp-block-group-is-layout-flow\">\n<div class=\"wp-block-media-text alignwide has-media-on-the-right is-stacked-on-mobile\" style=\"grid-template-columns:auto 40%\"><figure class=\"wp-block-media-text__media\"><img loading=\"lazy\" decoding=\"async\" width=\"1024\" height=\"678\" src=\"https:\/\/muthacao.com.br\/wp-content\/uploads\/2022\/05\/internet_content_portal_search_laptop_concept_business_sharing-1341590-1024x678.jpg\" alt=\"\" class=\"wp-image-456 size-full\" srcset=\"https:\/\/muthacao.com.br\/wp-content\/uploads\/2022\/05\/internet_content_portal_search_laptop_concept_business_sharing-1341590-1024x678.jpg 1024w, https:\/\/muthacao.com.br\/wp-content\/uploads\/2022\/05\/internet_content_portal_search_laptop_concept_business_sharing-1341590-300x199.jpg 300w, https:\/\/muthacao.com.br\/wp-content\/uploads\/2022\/05\/internet_content_portal_search_laptop_concept_business_sharing-1341590-768x508.jpg 768w, https:\/\/muthacao.com.br\/wp-content\/uploads\/2022\/05\/internet_content_portal_search_laptop_concept_business_sharing-1341590.jpg 1200w\" sizes=\"auto, (max-width: 1024px) 100vw, 1024px\" \/><\/figure><div class=\"wp-block-media-text__content\">\n<h2 class=\"has-text-color wp-block-heading\" style=\"color:#3abf8a\">Sobre n\u00f3s<\/h2>\n\n\n\n<p class=\"has-text-align-left has-contrast-2-color has-text-color\">Somos uma equipe com diversos especialistas em WEB, com larga experi\u00eancia na constru\u00e7\u00e3o e marketing de sites, para ajudar empresas e pessoas a crescerem online.<\/p>\n\n\n\n<h4 class=\"wp-block-heading\"><strong>MISS\u00c3O.<\/strong><\/h4>\n\n\n\n<p class=\"has-contrast-2-color has-text-color\">Nossa miss\u00e3o \u00e9 capacitar nossos clientes a usar a internet em todo o seu potencial, fornecendo solu\u00e7\u00f5es de design e marketing acess\u00edveis, eficazes e personalizadas.<\/p>\n\n\n\n<h4 class=\"wp-block-heading\"><strong>VIS\u00c3O.<\/strong><\/h4>\n\n\n\n<p class=\"has-contrast-2-color has-text-color\">Nossa vis\u00e3o \u00e9 nos tornarmos refer\u00eancia no segmento, fornecendo melhores e exclusivos servi\u00e7os de WEB DESIGN e MARKETING para melhorar a produtividade e a for\u00e7a dos neg\u00f3cios de nossos clientes.<\/p>\n<\/div><\/div>\n<\/div><\/div>\n\n\n\n<div class=\"wp-block-group\"><div class=\"wp-block-group__inner-container is-layout-flow wp-block-group-is-layout-flow\">\n<hr class=\"wp-block-separator has-alpha-channel-opacity\"\/>\n<\/div><\/div>\n\n\n\n<div class=\"wp-block-group alignfull has-ast-global-color-5-background-color has-background\"><div class=\"wp-block-group__inner-container is-layout-flow wp-block-group-is-layout-flow\">\n<h2 class=\"has-text-align-center has-text-color wp-block-heading\" style=\"color:#3abf8a\">POR QU\u00ca NOS ESCOLHER?<\/h2>\n\n\n\n<p><strong><strong>Somos o que h\u00e1 de mais assertivo para o seu neg\u00f3cio. Temos experi\u00eancia aliada ao conhecimento, para oferecer consultoria e servi\u00e7os imparciais a um pre\u00e7o honesto.<\/strong><\/strong><\/p>\n\n\n\n<p class=\"has-contrast-2-color has-text-color\">Com a nossa equipe voc\u00ea vai se sentir ouvido. Ouvimos de nossos clientes e, em seguida, selecionamos a solu\u00e7\u00e3o correta que se encaixe. Cuidamos do seu neg\u00f3cio como se fosse nosso. Temos interesse sincero por ele e, queremos genuinamente ajudar sua empresa a atingir o seu potencial.<\/p>\n<\/div><\/div>\n\n\n\n<div class=\"wp-block-group\"><div class=\"wp-block-group__inner-container is-layout-flow wp-block-group-is-layout-flow\">\n<hr class=\"wp-block-separator has-alpha-channel-opacity\"\/>\n<\/div><\/div>\n\n\n\n<div class=\"wp-block-group alignfull has-ast-global-color-2-background-color has-background\"><div class=\"wp-block-group__inner-container is-layout-flow wp-block-group-is-layout-flow\">\n<div class=\"wp-block-columns are-vertically-aligned-center is-layout-flex wp-container-core-columns-is-layout-9d6595d7 wp-block-columns-is-layout-flex\">\n<div class=\"wp-block-column is-vertically-aligned-center is-layout-flow wp-block-column-is-layout-flow\">\n<h2 class=\"has-text-color wp-block-heading\" style=\"color:#3abf8a\">Vamos juntos construir um neg\u00f3cio pr\u00f3spero.<\/h2>\n<\/div>\n\n\n\n<div class=\"wp-block-column is-vertically-aligned-center is-layout-flow wp-block-column-is-layout-flow\">\n<p class=\"has-contrast-2-color has-text-color\">Quando conectado conosco, voc\u00ea n\u00e3o est\u00e1 crescendo seu neg\u00f3cio sozinho. Contamos com voc\u00ea e damos o nosso melhor para contribuir com o crescimento de toda sua equipe e organiza\u00e7\u00e3o.<\/p>\n\n\n\n<p class=\"has-contrast-2-color has-text-color\">Portanto, se voc\u00ea est\u00e1 procurando a ag\u00eancia certa que o ajudar\u00e1 a criar uma boa presen\u00e7a online e gerar mais convers\u00f5es e receita, estamos aqui!<\/p>\n<\/div>\n<\/div>\n\n\n\n<figure class=\"wp-block-image size-large\"><img loading=\"lazy\" decoding=\"async\" width=\"1024\" height=\"490\" src=\"https:\/\/muthacao.com.br\/wp-content\/uploads\/2022\/05\/photo_2018-07-20_06-05-49-1024x490.jpg\" alt=\"\" class=\"wp-image-457\" srcset=\"https:\/\/muthacao.com.br\/wp-content\/uploads\/2022\/05\/photo_2018-07-20_06-05-49-1024x490.jpg 1024w, https:\/\/muthacao.com.br\/wp-content\/uploads\/2022\/05\/photo_2018-07-20_06-05-49-300x144.jpg 300w, https:\/\/muthacao.com.br\/wp-content\/uploads\/2022\/05\/photo_2018-07-20_06-05-49-768x367.jpg 768w, https:\/\/muthacao.com.br\/wp-content\/uploads\/2022\/05\/photo_2018-07-20_06-05-49.jpg 1200w\" sizes=\"auto, (max-width: 1024px) 100vw, 1024px\" \/><figcaption>       <\/figcaption><\/figure>\n<\/div><\/div>\n\n\n\n<div class=\"wp-block-group\"><div class=\"wp-block-group__inner-container is-layout-flow wp-block-group-is-layout-flow\">\n<hr class=\"wp-block-separator has-alpha-channel-opacity\"\/>\n<\/div><\/div>\n\n\n\n<div class=\"wp-block-group alignfull has-ast-global-color-5-background-color has-background\"><div class=\"wp-block-group__inner-container is-layout-flow wp-block-group-is-layout-flow\">\n<div class=\"wp-block-columns is-layout-flex wp-container-core-columns-is-layout-9d6595d7 wp-block-columns-is-layout-flex\">\n<div class=\"wp-block-column is-layout-flow wp-block-column-is-layout-flow\">\n<p class=\"has-text-align-left\"> <strong><strong>SEUS PARCEIROS CONFI\u00c1VEIS<\/strong><\/strong><\/p>\n\n\n\n<h2 class=\"has-text-color wp-block-heading\" style=\"color:#3abf8a\">Equipe Altamente Motivada Com Ideias Inovadoras<\/h2>\n<\/div>\n\n\n\n<div class=\"wp-block-column is-vertically-aligned-center is-layout-flow wp-block-column-is-layout-flow\">\n<p class=\"has-contrast-2-color has-text-color\">Adoramos o que fazemos. Portanto, apresentamos as melhores solu\u00e7\u00f5es poss\u00edveis para ajud\u00e1-lo a se estabelecer e crescer online rapidamente. <br>Somos seus parceiros confi\u00e1veis com os quais voc\u00ea pode contar.<a href=\"https:\/\/muthacao.com.br\/wp-content\/uploads\/2021\/05\/gallery-1.jpg\"><\/a><\/p>\n<\/div>\n<\/div>\n\n\n\n<div class=\"wp-block-columns is-layout-flex wp-container-core-columns-is-layout-9d6595d7 wp-block-columns-is-layout-flex\">\n<div class=\"wp-block-column is-layout-flow wp-block-column-is-layout-flow\">\n<hr class=\"wp-block-separator has-alpha-channel-opacity is-style-dots\"\/>\n<\/div>\n<\/div>\n\n\n\n<div class=\"wp-block-group\"><div class=\"wp-block-group__inner-container is-layout-flow wp-block-group-is-layout-flow\">\n<hr class=\"wp-block-separator has-alpha-channel-opacity\"\/>\n<\/div><\/div>\n\n\n\n<div class=\"wp-block-group alignfull has-ast-global-color-2-background-color has-background\"><div class=\"wp-block-group__inner-container is-layout-flow wp-block-group-is-layout-flow\">\n<div class=\"wp-block-media-text alignwide has-media-on-the-right is-stacked-on-mobile has-ast-global-color-0-background-color has-background\" style=\"grid-template-columns:auto 64%\"><figure class=\"wp-block-media-text__media\"><img loading=\"lazy\" decoding=\"async\" width=\"1024\" height=\"539\" src=\"https:\/\/muthacao.com.br\/wp-content\/uploads\/2022\/05\/stockvault-business-meeting-and-teamwork-concept181308-1024x539.jpg\" alt=\"\" class=\"wp-image-473 size-full\" srcset=\"https:\/\/muthacao.com.br\/wp-content\/uploads\/2022\/05\/stockvault-business-meeting-and-teamwork-concept181308-1024x539.jpg 1024w, https:\/\/muthacao.com.br\/wp-content\/uploads\/2022\/05\/stockvault-business-meeting-and-teamwork-concept181308-300x158.jpg 300w, https:\/\/muthacao.com.br\/wp-content\/uploads\/2022\/05\/stockvault-business-meeting-and-teamwork-concept181308-768x405.jpg 768w, https:\/\/muthacao.com.br\/wp-content\/uploads\/2022\/05\/stockvault-business-meeting-and-teamwork-concept181308-1536x809.jpg 1536w, https:\/\/muthacao.com.br\/wp-content\/uploads\/2022\/05\/stockvault-business-meeting-and-teamwork-concept181308-2048x1079.jpg 2048w\" sizes=\"auto, (max-width: 1024px) 100vw, 1024px\" \/><\/figure><div class=\"wp-block-media-text__content\">\n<div class=\"wp-block-group\"><div class=\"wp-block-group__inner-container is-layout-flow wp-block-group-is-layout-flow\">\n<h3 class=\"has-text-align-center has-text-color wp-block-heading\" style=\"color:#3abf8a\"><strong>Tem um Projeto em mente<\/strong>?<\/h3>\n\n\n\n<p class=\"has-text-align-left has-contrast-2-color has-text-color\">Podemos ajud\u00e1-lo a dar vida \u00e0s suas ideias. Vamos falar sobre o que podemos construir juntos?<\/p>\n\n\n\n<div class=\"wp-block-buttons is-layout-flex wp-block-buttons-is-layout-flex\">\n<div class=\"wp-block-button is-style-fill\"><a class=\"wp-block-button__link\" href=\"https:\/\/muthacao.com.br\/index.php\/contato\">Consulte-nos!<\/a><\/div>\n<\/div>\n<\/div><\/div>\n<\/div><\/div>\n<\/div><\/div>\n<\/div><\/div>\n\n\n\n<div class=\"wp-block-group\"><div class=\"wp-block-group__inner-container is-layout-flow wp-block-group-is-layout-flow\">\n<hr class=\"wp-block-separator has-alpha-channel-opacity\"\/>\n<\/div><\/div>\n","protected":false},"excerpt":{"rendered":"<p>Contrate-nos para&#8230; DESIGN Nossa equipe de Web Design tem anos de experi\u00eancia nas principais \u00e1reas de design para construir um site que voc\u00ea precisa e deseja. DESENVOLVIMENTO Procurando solu\u00e7\u00f5es personalizadas para seu(s) site(s)? Nossa equipe desenvolver\u00e1 e entregar\u00e1 um site alinhado ao seu prop\u00f3sito. MARKETING Com o Marketing Digital adequado, garantiremos que novos e mais &#8230; <a title=\"Home\" class=\"read-more\" href=\"https:\/\/muthacao.com.br\/\" aria-label=\"More on Home\">Ler mais<\/a><\/p>\n","protected":false},"author":1,"featured_media":0,"parent":0,"menu_order":0,"comment_status":"closed","ping_status":"closed","template":"","meta":{"footnotes":""},"class_list":["post-431","page","type-page","status-publish"],"_links":{"self":[{"href":"https:\/\/muthacao.com.br\/index.php\/wp-json\/wp\/v2\/pages\/431","targetHints":{"allow":["GET"]}}],"collection":[{"href":"https:\/\/muthacao.com.br\/index.php\/wp-json\/wp\/v2\/pages"}],"about":[{"href":"https:\/\/muthacao.com.br\/index.php\/wp-json\/wp\/v2\/types\/page"}],"author":[{"embeddable":true,"href":"https:\/\/muthacao.com.br\/index.php\/wp-json\/wp\/v2\/users\/1"}],"replies":[{"embeddable":true,"href":"https:\/\/muthacao.com.br\/index.php\/wp-json\/wp\/v2\/comments?post=431"}],"version-history":[{"count":11,"href":"https:\/\/muthacao.com.br\/index.php\/wp-json\/wp\/v2\/pages\/431\/revisions"}],"predecessor-version":[{"id":718,"href":"https:\/\/muthacao.com.br\/index.php\/wp-json\/wp\/v2\/pages\/431\/revisions\/718"}],"wp:attachment":[{"href":"https:\/\/muthacao.com.br\/index.php\/wp-json\/wp\/v2\/media?parent=431"}],"curies":[{"name":"wp","href":"https:\/\/api.w.org\/{rel}","templated":true}]}}