{"id":482,"date":"2022-05-28T00:47:22","date_gmt":"2022-05-28T03:47:22","guid":{"rendered":"http:\/\/muthacao.com.br\/?page_id=482"},"modified":"2023-05-02T16:55:54","modified_gmt":"2023-05-02T19:55:54","slug":"produtos","status":"publish","type":"page","link":"https:\/\/muthacao.com.br\/index.php\/produtos\/","title":{"rendered":"Nossos Produtos"},"content":{"rendered":"\n<div style=\"height:39px\" aria-hidden=\"true\" class=\"wp-block-spacer\"><\/div>\n\n\n\n<hr class=\"wp-block-separator has-alpha-channel-opacity\"\/>\n\n\n\n<div class=\"wp-block-columns has-ast-global-color-0-background-color has-background is-layout-flex wp-container-core-columns-is-layout-9d6595d7 wp-block-columns-is-layout-flex\">\n<div class=\"wp-block-column is-layout-flow wp-block-column-is-layout-flow\">\n<h3 class=\"wp-block-heading has-text-align-center has-large-font-size\">Cria\u00e7\u00e3o de Site<\/h3>\n\n\n\n<hr class=\"wp-block-separator has-alpha-channel-opacity\"\/>\n\n\n\n<p class=\"has-contrast-2-color has-text-color\">Desenvolvemos e criamos um site de acordo com a real necessidade do seu neg\u00f3cio. Sites modernos, seguros, responsivos, que vendem e geram leads todos os dias.<\/p>\n\n\n\n<p>Sites Institucionais, sites para lojas virtuais, sites para aut\u00f4nomos, sites para delivery.<\/p>\n<\/div>\n\n\n\n<div class=\"wp-block-column is-layout-flow wp-block-column-is-layout-flow\">\n<figure class=\"wp-block-image size-full is-resized\"><img loading=\"lazy\" decoding=\"async\" src=\"https:\/\/muthacao.com.br\/wp-content\/uploads\/2022\/05\/photo_2022-05-26_22-48-21.jpg\" alt=\"\" class=\"wp-image-485\" width=\"451\" height=\"300\" srcset=\"https:\/\/muthacao.com.br\/wp-content\/uploads\/2022\/05\/photo_2022-05-26_22-48-21.jpg 626w, https:\/\/muthacao.com.br\/wp-content\/uploads\/2022\/05\/photo_2022-05-26_22-48-21-300x200.jpg 300w\" sizes=\"auto, (max-width: 451px) 100vw, 451px\" \/><\/figure>\n<\/div>\n<\/div>\n\n\n\n<div class=\"wp-block-buttons is-layout-flex wp-block-buttons-is-layout-flex\">\n<div class=\"wp-block-button is-style-fill\"><a class=\"wp-block-button__link wp-element-button\" href=\"https:\/\/muthacao.com.br\/index.php\/Contato\">Saiba mais<\/a><\/div>\n<\/div>\n\n\n\n<hr class=\"wp-block-separator has-alpha-channel-opacity is-style-wide\"\/>\n\n\n\n<hr class=\"wp-block-separator has-alpha-channel-opacity is-style-wide\"\/>\n\n\n\n<div class=\"wp-block-columns has-white-background-color has-background is-layout-flex wp-container-core-columns-is-layout-9d6595d7 wp-block-columns-is-layout-flex\">\n<div class=\"wp-block-column is-layout-flow wp-block-column-is-layout-flow\">\n<h3 class=\"wp-block-heading has-text-align-center has-large-font-size\">Cria\u00e7\u00e3o de Logos e Identidade Visual<\/h3>\n\n\n\n<hr class=\"wp-block-separator has-alpha-channel-opacity\"\/>\n\n\n\n<p class=\"has-contrast-2-color has-text-color\">Artes para Feed, Stories, Capas, Banners, Flyers, Cart\u00f5es, Panfletos, Convites.<\/p>\n\n\n\n<p>Desenvolvimento de identidade visual, tanto empresarial como pessoal.<\/p>\n<\/div>\n\n\n\n<div class=\"wp-block-column is-layout-flow wp-block-column-is-layout-flow\"><div class=\"wp-block-image\">\n<figure class=\"aligncenter size-large is-resized\"><img loading=\"lazy\" decoding=\"async\" src=\"https:\/\/muthacao.com.br\/wp-content\/uploads\/2022\/05\/conjunto-de-icones-de-ios-modernos-de-midia-social-3d_87538-1281-1024x832.webp\" alt=\"\" class=\"wp-image-487\" width=\"349\" height=\"283\" srcset=\"https:\/\/muthacao.com.br\/wp-content\/uploads\/2022\/05\/conjunto-de-icones-de-ios-modernos-de-midia-social-3d_87538-1281-1024x832.webp 1024w, https:\/\/muthacao.com.br\/wp-content\/uploads\/2022\/05\/conjunto-de-icones-de-ios-modernos-de-midia-social-3d_87538-1281-300x244.webp 300w, https:\/\/muthacao.com.br\/wp-content\/uploads\/2022\/05\/conjunto-de-icones-de-ios-modernos-de-midia-social-3d_87538-1281-768x624.webp 768w, https:\/\/muthacao.com.br\/wp-content\/uploads\/2022\/05\/conjunto-de-icones-de-ios-modernos-de-midia-social-3d_87538-1281-1536x1248.webp 1536w, https:\/\/muthacao.com.br\/wp-content\/uploads\/2022\/05\/conjunto-de-icones-de-ios-modernos-de-midia-social-3d_87538-1281.webp 2000w\" sizes=\"auto, (max-width: 349px) 100vw, 349px\" \/><\/figure>\n<\/div><\/div>\n<\/div>\n\n\n\n<div class=\"wp-block-buttons is-layout-flex wp-block-buttons-is-layout-flex\">\n<div class=\"wp-block-button\"><a class=\"wp-block-button__link wp-element-button\" href=\"https:\/\/muthacao.com.br\/index.php\/Contato\">Saiba mais&#8230;<\/a><\/div>\n<\/div>\n\n\n\n<hr class=\"wp-block-separator has-alpha-channel-opacity\"\/>\n\n\n\n<hr class=\"wp-block-separator has-alpha-channel-opacity\"\/>\n\n\n\n<div class=\"wp-block-columns has-white-background-color has-background is-layout-flex wp-container-core-columns-is-layout-9d6595d7 wp-block-columns-is-layout-flex\">\n<div class=\"wp-block-column is-layout-flow wp-block-column-is-layout-flow\">\n<h3 class=\"wp-block-heading has-text-align-center has-large-font-size\">Gestor de Perfil de Empresas no Google<\/h3>\n\n\n\n<hr class=\"wp-block-separator has-alpha-channel-opacity\"\/>\n\n\n\n<p class=\"has-contrast-2-color has-text-color\">Cadastro de empresas no Google com as principais informa\u00e7\u00f5es para que, aqueles clientes que buscam determinados servi\u00e7os na regi\u00e3o onde residem, possam selecionar as empresas melhores qualificadas com informa\u00e7\u00f5es completas sobre cada estabelecimento ou servi\u00e7o.<\/p>\n<\/div>\n\n\n\n<div class=\"wp-block-column is-layout-flow wp-block-column-is-layout-flow\"><div class=\"wp-block-image\">\n<figure class=\"aligncenter size-full\"><img loading=\"lazy\" decoding=\"async\" width=\"575\" height=\"503\" src=\"https:\/\/muthacao.com.br\/wp-content\/uploads\/2022\/07\/Design-sem-nome-20.webp\" alt=\"\" class=\"wp-image-523\" srcset=\"https:\/\/muthacao.com.br\/wp-content\/uploads\/2022\/07\/Design-sem-nome-20.webp 575w, https:\/\/muthacao.com.br\/wp-content\/uploads\/2022\/07\/Design-sem-nome-20-300x262.webp 300w\" sizes=\"auto, (max-width: 575px) 100vw, 575px\" \/><\/figure>\n<\/div><\/div>\n<\/div>\n\n\n\n<div class=\"wp-block-buttons is-layout-flex wp-block-buttons-is-layout-flex\">\n<div class=\"wp-block-button\"><a class=\"wp-block-button__link wp-element-button\" href=\"https:\/\/muthacao.com.br\/index.php\/Contato\">Saiba mais&#8230;<\/a><\/div>\n<\/div>\n\n\n\n<hr class=\"wp-block-separator has-alpha-channel-opacity\"\/>\n\n\n\n<div class=\"wp-block-columns has-white-background-color has-background is-layout-flex wp-container-core-columns-is-layout-9d6595d7 wp-block-columns-is-layout-flex\">\n<div class=\"wp-block-column is-layout-flow wp-block-column-is-layout-flow\">\n<h3 class=\"wp-block-heading has-text-align-center has-large-font-size\">Social Media Estrategista de Conte\u00fado<\/h3>\n\n\n\n<hr class=\"wp-block-separator has-alpha-channel-opacity\"\/>\n\n\n\n<p class=\"has-contrast-2-color has-text-color\">Elabora\u00e7\u00e3o de Estrat\u00e9gia (estudo de caso) para todo e qualquer servi\u00e7o ou segmento, n\u00e3o sendo apenas um criador de posts e sim, conte\u00fado. Esses conte\u00fados atraem clientes qualificados para seu neg\u00f3cio, gerando mais vendas e consequentemente, recorr\u00eancia. Em m\u00e9dia, cada cria\u00e7\u00e3o de estrat\u00e9gia, fica pronta e aplic\u00e1vel, em torno de 45 a 60 dias, pois o estudo est\u00e1 tamb\u00e9m baseado na concorr\u00eancia de cada segmento e no perfil do cliente.<\/p>\n<\/div>\n\n\n\n<div class=\"wp-block-column is-layout-flow wp-block-column-is-layout-flow\"><div class=\"wp-block-image\">\n<figure class=\"aligncenter size-full\"><img loading=\"lazy\" decoding=\"async\" width=\"1000\" height=\"724\" src=\"https:\/\/muthacao.com.br\/wp-content\/uploads\/2022\/11\/WhatsApp-Image-2022-11-01-at-20.08.23.jpeg\" alt=\"\" class=\"wp-image-723\" srcset=\"https:\/\/muthacao.com.br\/wp-content\/uploads\/2022\/11\/WhatsApp-Image-2022-11-01-at-20.08.23.jpeg 1000w, https:\/\/muthacao.com.br\/wp-content\/uploads\/2022\/11\/WhatsApp-Image-2022-11-01-at-20.08.23-300x217.jpeg 300w, https:\/\/muthacao.com.br\/wp-content\/uploads\/2022\/11\/WhatsApp-Image-2022-11-01-at-20.08.23-768x556.jpeg 768w\" sizes=\"auto, (max-width: 1000px) 100vw, 1000px\" \/><\/figure>\n<\/div><\/div>\n<\/div>\n\n\n\n<div class=\"wp-block-buttons is-layout-flex wp-block-buttons-is-layout-flex\">\n<div class=\"wp-block-button\"><a class=\"wp-block-button__link wp-element-button\" href=\"https:\/\/muthacao.com.br\/index.php\/Contato\">Saiba mais&#8230;<\/a><\/div>\n<\/div>\n\n\n\n<hr class=\"wp-block-separator has-alpha-channel-opacity\"\/>\n\n\n\n<hr class=\"wp-block-separator has-alpha-channel-opacity\"\/>\n\n\n\n<div class=\"wp-block-columns has-white-background-color has-background is-layout-flex wp-container-core-columns-is-layout-9d6595d7 wp-block-columns-is-layout-flex\">\n<div class=\"wp-block-column is-layout-flow wp-block-column-is-layout-flow\">\n<h3 class=\"wp-block-heading has-text-align-center has-large-font-size\">Especialista em Servi\u00e7os Digitais<\/h3>\n\n\n\n<hr class=\"wp-block-separator has-alpha-channel-opacity\"\/>\n\n\n\n<p class=\"has-contrast-2-color has-text-color\">Uma gama de produtos e servi\u00e7os voltados para os mais diversos segmentos.<\/p>\n\n\n\n<p>Com um atendimento personalizado, est\u00e3o os seguintes servi\u00e7os:<\/p>\n\n\n\n<ul class=\"wp-block-list\">\n<li>Sistema EAD (Ensino \u00e0 Dist\u00e2ncia);<\/li>\n\n\n\n<li>Gr\u00e1fica on-line (confec\u00e7\u00e3o de cart\u00f5es de visita);<\/li>\n\n\n\n<li>Revela\u00e7\u00e3o de fotos;<\/li>\n\n\n\n<li>Cart\u00f5es Digitais Interativos (cart\u00e3o de visita personalizado para ser utilizado no celular);<\/li>\n\n\n\n<li>Personaliza\u00e7\u00e3o de Produtos (impress\u00e3o em camisetas, canecas, dentre outros materiais promocionais);<\/li>\n\n\n\n<li>Macro Servi\u00e7o (lan\u00e7amento e\/ou promo\u00e7\u00f5es para com\u00e9rcio local);<\/li>\n\n\n\n<li>Dentre outros<\/li>\n<\/ul>\n<\/div>\n\n\n\n<div class=\"wp-block-column is-layout-flow wp-block-column-is-layout-flow\">\n<div style=\"height:100px\" aria-hidden=\"true\" class=\"wp-block-spacer\"><\/div>\n\n\n<div class=\"wp-block-image is-style-default\">\n<figure class=\"aligncenter size-large\"><img loading=\"lazy\" decoding=\"async\" width=\"1024\" height=\"724\" src=\"https:\/\/muthacao.com.br\/wp-content\/uploads\/2023\/05\/Se-voce-tracar-metas-absurdamente-altas-e-falhar-seu-fracasso-sera-muito-melhor-que-o-sucesso-de-todos-\u2013-James-Cameron-cineasta-12-1024x724.png\" alt=\"\" class=\"wp-image-731\" srcset=\"https:\/\/muthacao.com.br\/wp-content\/uploads\/2023\/05\/Se-voce-tracar-metas-absurdamente-altas-e-falhar-seu-fracasso-sera-muito-melhor-que-o-sucesso-de-todos-\u2013-James-Cameron-cineasta-12-1024x724.png 1024w, https:\/\/muthacao.com.br\/wp-content\/uploads\/2023\/05\/Se-voce-tracar-metas-absurdamente-altas-e-falhar-seu-fracasso-sera-muito-melhor-que-o-sucesso-de-todos-\u2013-James-Cameron-cineasta-12-300x212.png 300w, https:\/\/muthacao.com.br\/wp-content\/uploads\/2023\/05\/Se-voce-tracar-metas-absurdamente-altas-e-falhar-seu-fracasso-sera-muito-melhor-que-o-sucesso-de-todos-\u2013-James-Cameron-cineasta-12-768x543.png 768w, https:\/\/muthacao.com.br\/wp-content\/uploads\/2023\/05\/Se-voce-tracar-metas-absurdamente-altas-e-falhar-seu-fracasso-sera-muito-melhor-que-o-sucesso-de-todos-\u2013-James-Cameron-cineasta-12-1536x1086.png 1536w, https:\/\/muthacao.com.br\/wp-content\/uploads\/2023\/05\/Se-voce-tracar-metas-absurdamente-altas-e-falhar-seu-fracasso-sera-muito-melhor-que-o-sucesso-de-todos-\u2013-James-Cameron-cineasta-12-2048x1448.png 2048w\" sizes=\"auto, (max-width: 1024px) 100vw, 1024px\" \/><\/figure>\n<\/div><\/div>\n<\/div>\n\n\n\n<div class=\"wp-block-buttons is-layout-flex wp-block-buttons-is-layout-flex\">\n<div class=\"wp-block-button\"><a class=\"wp-block-button__link wp-element-button\" href=\"https:\/\/muthacao.com.br\/index.php\/Contato\">Saiba mais&#8230;<\/a><\/div>\n<\/div>\n\n\n\n<hr class=\"wp-block-separator has-alpha-channel-opacity\"\/>\n\n\n\n<hr class=\"wp-block-separator has-alpha-channel-opacity\"\/>\n\n\n\n<div class=\"wp-block-columns has-white-background-color has-background is-layout-flex wp-container-core-columns-is-layout-9d6595d7 wp-block-columns-is-layout-flex\">\n<div class=\"wp-block-column is-layout-flow wp-block-column-is-layout-flow\">\n<h3 class=\"wp-block-heading has-text-align-center has-large-font-size\">Cria\u00e7\u00e3o de Bot Conversa de WhatsApp<\/h3>\n\n\n\n<hr class=\"wp-block-separator has-alpha-channel-opacity\"\/>\n\n\n\n<p class=\"has-contrast-2-color has-text-color\">Cria\u00e7\u00e3o de Rob\u00f4 de WhatsApp personalizado para otimizar o trabalho do seu neg\u00f3cio ou servi\u00e7o.<\/p>\n\n\n\n<p>Com um atendimento automatizado, voc\u00ea pode garantir que seu cliente ter\u00e1 o melhor atendimento poss\u00edvel a todo momento.<\/p>\n\n\n\n<p>Evite perder cliente por deix\u00e1-lo sem resposta por longo per\u00edodo.<\/p>\n<\/div>\n\n\n\n<div class=\"wp-block-column is-layout-flow wp-block-column-is-layout-flow\">\n<div style=\"height:100px\" aria-hidden=\"true\" class=\"wp-block-spacer\"><\/div>\n\n\n<div class=\"wp-block-image is-style-default\">\n<figure class=\"aligncenter size-full is-resized\"><img loading=\"lazy\" decoding=\"async\" src=\"https:\/\/muthacao.com.br\/wp-content\/uploads\/2022\/09\/zapier-removebg-preview.png\" alt=\"\" class=\"wp-image-643\" width=\"218\" height=\"161\"\/><\/figure>\n<\/div><\/div>\n<\/div>\n\n\n\n<div class=\"wp-block-buttons is-layout-flex wp-block-buttons-is-layout-flex\">\n<div class=\"wp-block-button\"><a class=\"wp-block-button__link wp-element-button\" href=\"https:\/\/muthacao.com.br\/index.php\/Contato\">Saiba mais&#8230;<\/a><\/div>\n<\/div>\n\n\n\n<hr class=\"wp-block-separator has-alpha-channel-opacity is-style-wide\"\/>\n\n\n\n<hr class=\"wp-block-separator has-alpha-channel-opacity\"\/>\n\n\n\n<hr class=\"wp-block-separator has-alpha-channel-opacity\"\/>\n\n\n\n<div class=\"wp-block-group\"><div class=\"wp-block-group__inner-container is-layout-flow wp-block-group-is-layout-flow\">\n<ul class=\"wp-block-social-links has-icon-color has-icon-background-color is-style-default is-layout-flex wp-block-social-links-is-layout-flex\"><li style=\"color:#ffffff;background-color:#3962e3;\" class=\"wp-social-link wp-social-link-facebook  wp-block-social-link\"><a href=\"https:\/\/facebook.com\/muthacaomktdigital\" class=\"wp-block-social-link-anchor\"><svg width=\"24\" height=\"24\" viewBox=\"0 0 24 24\" version=\"1.1\" xmlns=\"http:\/\/www.w3.org\/2000\/svg\" aria-hidden=\"true\" focusable=\"false\"><path d=\"M12 2C6.5 2 2 6.5 2 12c0 5 3.7 9.1 8.4 9.9v-7H7.9V12h2.5V9.8c0-2.5 1.5-3.9 3.8-3.9 1.1 0 2.2.2 2.2.2v2.5h-1.3c-1.2 0-1.6.8-1.6 1.6V12h2.8l-.4 2.9h-2.3v7C18.3 21.1 22 17 22 12c0-5.5-4.5-10-10-10z\"><\/path><\/svg><span class=\"wp-block-social-link-label screen-reader-text\">Facebook<\/span><\/a><\/li>\n\n<li style=\"color:#ffffff;background-color:#3962e3;\" class=\"wp-social-link wp-social-link-twitter  wp-block-social-link\"><a href=\"https:\/\/twitter.com\/MuthacaoDigital\" class=\"wp-block-social-link-anchor\"><svg width=\"24\" height=\"24\" viewBox=\"0 0 24 24\" version=\"1.1\" xmlns=\"http:\/\/www.w3.org\/2000\/svg\" aria-hidden=\"true\" focusable=\"false\"><path d=\"M22.23,5.924c-0.736,0.326-1.527,0.547-2.357,0.646c0.847-0.508,1.498-1.312,1.804-2.27 c-0.793,0.47-1.671,0.812-2.606,0.996C18.324,4.498,17.257,4,16.077,4c-2.266,0-4.103,1.837-4.103,4.103 c0,0.322,0.036,0.635,0.106,0.935C8.67,8.867,5.647,7.234,3.623,4.751C3.27,5.357,3.067,6.062,3.067,6.814 c0,1.424,0.724,2.679,1.825,3.415c-0.673-0.021-1.305-0.206-1.859-0.513c0,0.017,0,0.034,0,0.052c0,1.988,1.414,3.647,3.292,4.023 c-0.344,0.094-0.707,0.144-1.081,0.144c-0.264,0-0.521-0.026-0.772-0.074c0.522,1.63,2.038,2.816,3.833,2.85 c-1.404,1.1-3.174,1.756-5.096,1.756c-0.331,0-0.658-0.019-0.979-0.057c1.816,1.164,3.973,1.843,6.29,1.843 c7.547,0,11.675-6.252,11.675-11.675c0-0.178-0.004-0.355-0.012-0.531C20.985,7.47,21.68,6.747,22.23,5.924z\"><\/path><\/svg><span class=\"wp-block-social-link-label screen-reader-text\">Twitter<\/span><\/a><\/li>\n\n<li style=\"color:#ffffff;background-color:#3962e3;\" class=\"wp-social-link wp-social-link-instagram  wp-block-social-link\"><a href=\"https:\/\/instagram.com\/muthacao.mktdigital\" class=\"wp-block-social-link-anchor\"><svg width=\"24\" height=\"24\" viewBox=\"0 0 24 24\" version=\"1.1\" xmlns=\"http:\/\/www.w3.org\/2000\/svg\" aria-hidden=\"true\" focusable=\"false\"><path d=\"M12,4.622c2.403,0,2.688,0.009,3.637,0.052c0.877,0.04,1.354,0.187,1.671,0.31c0.42,0.163,0.72,0.358,1.035,0.673 c0.315,0.315,0.51,0.615,0.673,1.035c0.123,0.317,0.27,0.794,0.31,1.671c0.043,0.949,0.052,1.234,0.052,3.637 s-0.009,2.688-0.052,3.637c-0.04,0.877-0.187,1.354-0.31,1.671c-0.163,0.42-0.358,0.72-0.673,1.035 c-0.315,0.315-0.615,0.51-1.035,0.673c-0.317,0.123-0.794,0.27-1.671,0.31c-0.949,0.043-1.233,0.052-3.637,0.052 s-2.688-0.009-3.637-0.052c-0.877-0.04-1.354-0.187-1.671-0.31c-0.42-0.163-0.72-0.358-1.035-0.673 c-0.315-0.315-0.51-0.615-0.673-1.035c-0.123-0.317-0.27-0.794-0.31-1.671C4.631,14.688,4.622,14.403,4.622,12 s0.009-2.688,0.052-3.637c0.04-0.877,0.187-1.354,0.31-1.671c0.163-0.42,0.358-0.72,0.673-1.035 c0.315-0.315,0.615-0.51,1.035-0.673c0.317-0.123,0.794-0.27,1.671-0.31C9.312,4.631,9.597,4.622,12,4.622 M12,3 C9.556,3,9.249,3.01,8.289,3.054C7.331,3.098,6.677,3.25,6.105,3.472C5.513,3.702,5.011,4.01,4.511,4.511 c-0.5,0.5-0.808,1.002-1.038,1.594C3.25,6.677,3.098,7.331,3.054,8.289C3.01,9.249,3,9.556,3,12c0,2.444,0.01,2.751,0.054,3.711 c0.044,0.958,0.196,1.612,0.418,2.185c0.23,0.592,0.538,1.094,1.038,1.594c0.5,0.5,1.002,0.808,1.594,1.038 c0.572,0.222,1.227,0.375,2.185,0.418C9.249,20.99,9.556,21,12,21s2.751-0.01,3.711-0.054c0.958-0.044,1.612-0.196,2.185-0.418 c0.592-0.23,1.094-0.538,1.594-1.038c0.5-0.5,0.808-1.002,1.038-1.594c0.222-0.572,0.375-1.227,0.418-2.185 C20.99,14.751,21,14.444,21,12s-0.01-2.751-0.054-3.711c-0.044-0.958-0.196-1.612-0.418-2.185c-0.23-0.592-0.538-1.094-1.038-1.594 c-0.5-0.5-1.002-0.808-1.594-1.038c-0.572-0.222-1.227-0.375-2.185-0.418C14.751,3.01,14.444,3,12,3L12,3z M12,7.378 c-2.552,0-4.622,2.069-4.622,4.622S9.448,16.622,12,16.622s4.622-2.069,4.622-4.622S14.552,7.378,12,7.378z M12,15 c-1.657,0-3-1.343-3-3s1.343-3,3-3s3,1.343,3,3S13.657,15,12,15z M16.804,6.116c-0.596,0-1.08,0.484-1.08,1.08 s0.484,1.08,1.08,1.08c0.596,0,1.08-0.484,1.08-1.08S17.401,6.116,16.804,6.116z\"><\/path><\/svg><span class=\"wp-block-social-link-label screen-reader-text\">Instagram<\/span><\/a><\/li><\/ul>\n<\/div><\/div>\n","protected":false},"excerpt":{"rendered":"<p>Cria\u00e7\u00e3o de Site Desenvolvemos e criamos um site de acordo com a real necessidade do seu neg\u00f3cio. Sites modernos, seguros, responsivos, que vendem e geram leads todos os dias. Sites Institucionais, sites para lojas virtuais, sites para aut\u00f4nomos, sites para delivery. Cria\u00e7\u00e3o de Logos e Identidade Visual Artes para Feed, Stories, Capas, Banners, Flyers, Cart\u00f5es, &#8230; <a title=\"Nossos Produtos\" class=\"read-more\" href=\"https:\/\/muthacao.com.br\/index.php\/produtos\/\" aria-label=\"More on Nossos Produtos\">Ler mais<\/a><\/p>\n","protected":false},"author":1,"featured_media":0,"parent":0,"menu_order":0,"comment_status":"closed","ping_status":"closed","template":"","meta":{"footnotes":""},"class_list":["post-482","page","type-page","status-publish"],"_links":{"self":[{"href":"https:\/\/muthacao.com.br\/index.php\/wp-json\/wp\/v2\/pages\/482","targetHints":{"allow":["GET"]}}],"collection":[{"href":"https:\/\/muthacao.com.br\/index.php\/wp-json\/wp\/v2\/pages"}],"about":[{"href":"https:\/\/muthacao.com.br\/index.php\/wp-json\/wp\/v2\/types\/page"}],"author":[{"embeddable":true,"href":"https:\/\/muthacao.com.br\/index.php\/wp-json\/wp\/v2\/users\/1"}],"replies":[{"embeddable":true,"href":"https:\/\/muthacao.com.br\/index.php\/wp-json\/wp\/v2\/comments?post=482"}],"version-history":[{"count":27,"href":"https:\/\/muthacao.com.br\/index.php\/wp-json\/wp\/v2\/pages\/482\/revisions"}],"predecessor-version":[{"id":732,"href":"https:\/\/muthacao.com.br\/index.php\/wp-json\/wp\/v2\/pages\/482\/revisions\/732"}],"wp:attachment":[{"href":"https:\/\/muthacao.com.br\/index.php\/wp-json\/wp\/v2\/media?parent=482"}],"curies":[{"name":"wp","href":"https:\/\/api.w.org\/{rel}","templated":true}]}}